{"id":87752,"date":"2021-04-16T15:01:33","date_gmt":"2021-04-16T12:01:33","guid":{"rendered":"http:\/\/yeni.gmsdenetim.com\/hizmetlerimiz\/egitim-hizmetleri\/"},"modified":"2021-04-21T11:08:46","modified_gmt":"2021-04-21T08:08:46","slug":"egitim-hizmetleri","status":"publish","type":"page","link":"https:\/\/yeni.gmsdenetim.com\/tr\/hizmetlerimiz\/egitim-hizmetleri\/","title":{"rendered":"E\u011fitim Hizmetleri"},"content":{"rendered":"<p>[vc_row][vc_column width=&#8221;1\/1&#8243;][vc_empty_space height=&#8221;15&#8243;][vc_column_text]GMS Denetim ve Yeminli Mali M\u00fc\u015favirlik A.\u015e.,\u00a0alan\u0131nda uzman kadrosu ile sundu\u011fu denetim,\u00a0vergi ve mali hukuk alan\u0131ndaki tecr\u00fcbe ve \u00e7\u00f6z\u00fcm\u00a0\u00f6nerilerini payla\u015farak m\u00fc\u015fterilerine katma de\u011fer sa\u011flar.[\/vc_column_text][vc_empty_space height=&#8221;10&#8243;][vc_custom_heading text=&#8221;E\u011fitim Hizmetleri;&#8221; font_container=&#8221;tag:h2|text_align:left|color:%23ff0d00&#8243; google_fonts=&#8221;font_family:Open%20Sans%3A300%2C300italic%2Cregular%2Citalic%2C600%2C600italic%2C700%2C700italic%2C800%2C800italic|font_style:700%20bold%20regular%3A700%3Anormal&#8221;]E\u011fitim Hizmetleri;[\/vc_custom_heading][vc_column_text]Muhasebe ve Raporlama Personeli E\u011fitim Hizmetleri (Personelin, de\u011fi\u015fen mevzuat ve yeni uygulamalara ili\u015fkin bilgilerinin g\u00fcncellenmesi ve tecr\u00fcbelerinin art\u0131r\u0131lmas\u0131, yasal y\u00fck\u00fcml\u00fcl\u00fckler konusunda bilgilendirme amac\u0131na y\u00f6nelik interaktif e\u011fitimler verilmesi.)[\/vc_column_text][vc_empty_space][\/vc_column][\/vc_row]<\/p>\n","protected":false},"excerpt":{"rendered":"<p>[vc_row][vc_column width=&#8221;1\/1&#8243;][vc_empty_space height=&#8221;15&#8243;][vc_column_text]GMS Denetim ve Yeminli Mali M\u00fc\u015favirlik A.\u015e.,\u00a0alan\u0131nda uzman kadrosu ile sundu\u011fu denetim,\u00a0vergi ve mali hukuk alan\u0131ndaki tecr\u00fcbe ve [&hellip;]<\/p>\n","protected":false},"author":1,"featured_media":0,"parent":87708,"menu_order":0,"comment_status":"closed","ping_status":"closed","template":"","meta":[],"_links":{"self":[{"href":"https:\/\/yeni.gmsdenetim.com\/tr\/wp-json\/wp\/v2\/pages\/87752"}],"collection":[{"href":"https:\/\/yeni.gmsdenetim.com\/tr\/wp-json\/wp\/v2\/pages"}],"about":[{"href":"https:\/\/yeni.gmsdenetim.com\/tr\/wp-json\/wp\/v2\/types\/page"}],"author":[{"embeddable":true,"href":"https:\/\/yeni.gmsdenetim.com\/tr\/wp-json\/wp\/v2\/users\/1"}],"replies":[{"embeddable":true,"href":"https:\/\/yeni.gmsdenetim.com\/tr\/wp-json\/wp\/v2\/comments?post=87752"}],"version-history":[{"count":5,"href":"https:\/\/yeni.gmsdenetim.com\/tr\/wp-json\/wp\/v2\/pages\/87752\/revisions"}],"predecessor-version":[{"id":87977,"href":"https:\/\/yeni.gmsdenetim.com\/tr\/wp-json\/wp\/v2\/pages\/87752\/revisions\/87977"}],"up":[{"embeddable":true,"href":"https:\/\/yeni.gmsdenetim.com\/tr\/wp-json\/wp\/v2\/pages\/87708"}],"wp:attachment":[{"href":"https:\/\/yeni.gmsdenetim.com\/tr\/wp-json\/wp\/v2\/media?parent=87752"}],"curies":[{"name":"wp","href":"https:\/\/api.w.org\/{rel}","templated":true}]}}