{"id":87744,"date":"2021-04-16T14:52:15","date_gmt":"2021-04-16T11:52:15","guid":{"rendered":"http:\/\/yeni.gmsdenetim.com\/hizmetlerimiz\/danismanlik-hizmetleri\/"},"modified":"2021-04-21T11:08:34","modified_gmt":"2021-04-21T08:08:34","slug":"danismanlik-hizmetleri","status":"publish","type":"page","link":"https:\/\/yeni.gmsdenetim.com\/tr\/hizmetlerimiz\/danismanlik-hizmetleri\/","title":{"rendered":"Dan\u0131\u015fmanl\u0131k Hizmetleri"},"content":{"rendered":"<p>[vc_row][vc_column width=&#8221;1\/1&#8243;][vc_empty_space height=&#8221;15&#8243;][vc_column_text]GMS Denetim ve Yeminli Mali M\u00fc\u015favirlik A.\u015e.,\u00a0alan\u0131nda uzman kadrosu ile sundu\u011fu denetim,\u00a0vergi ve mali hukuk alan\u0131ndaki tecr\u00fcbe ve \u00e7\u00f6z\u00fcm\u00a0\u00f6nerilerini payla\u015farak m\u00fc\u015fterilerine katma de\u011fer sa\u011flar.[\/vc_column_text][vc_empty_space height=&#8221;10&#8243;][vc_custom_heading text=&#8221;Dan\u0131\u015fmanl\u0131k Hizmetleri;&#8221; font_container=&#8221;tag:h2|text_align:left|color:%23ff0d00&#8243; google_fonts=&#8221;font_family:Open%20Sans%3A300%2C300italic%2Cregular%2Citalic%2C600%2C600italic%2C700%2C700italic%2C800%2C800italic|font_style:700%20bold%20regular%3A700%3Anormal&#8221;]Dan\u0131\u015fmanl\u0131k Hizmetleri;[\/vc_custom_heading][vc_column_text]<\/p>\n<ul>\n<li>Vergi \u0130ncelemelerinde G\u00f6zetim ve Dan\u0131\u015fmanl\u0131k Hizmetleri (M\u00fc\u015fterilerimiz nezdinde Vergi Denetim Kurulu Vergi M\u00fcfetti\u015fleri taraf\u0131ndan y\u00fcr\u00fct\u00fclen vergi incelemelerinde destek hizmeti verilmesi ve M\u00fc\u015fterilerimizin vergi idaresi nezdinde temsil edilmeleri.)<\/li>\n<li>Tarhiyat \u00d6ncesi ve Sonras\u0131 Uzla\u015fma Hizmetleri (M\u00fc\u015fterilerimizin uzla\u015fma komisyonu m\u00fcracaatlar\u0131n\u0131n haz\u0131rlanmas\u0131 ve uzla\u015fma komisyonuna i\u015ftirak edilmesi.)<\/li>\n<li>Vergi Dava ve Uyu\u015fmazl\u0131klar\u0131nda Destek Hizmetleri (M\u00fc\u015fterilerimizin vergi davalar\u0131na ili\u015fkin yarg\u0131 s\u00fcrecinde dava dilek\u00e7elerinin haz\u0131rlanmas\u0131 ve yarg\u0131 s\u00fcrecine kat\u0131larak destek verilmesi.)<\/li>\n<li>Vergi Planlamas\u0131na Y\u00f6nelik Hizmetler (M\u00fc\u015fterilerimizin alacaklar\u0131 y\u00f6netsel ve mali kararlar\u0131na ili\u015fkin vergi planlamas\u0131n\u0131n yap\u0131lmas\u0131 ve do\u011fru vergi stratejileri i\u00e7in \u00f6nerilerde bulunulmas\u0131. Vergi riski ve vergi avantaj\u0131 analizlerinin yap\u0131lmas\u0131.)<\/li>\n<li>Bireysel Vergi Dan\u0131\u015fmanl\u0131\u011f\u0131 Hizmetleri (Tam ve dar m\u00fckellef ger\u00e7ek ki\u015filerce elde edilen gelirlerin beyan\u0131na ili\u015fkin dan\u0131\u015fmanl\u0131k sunulmas\u0131.)<\/li>\n<li>Muhasebe ve Mali \u0130\u015fler Y\u00f6netim Destek Hizmetleri (M\u00fc\u015fterilerimizin muhasebe ve bilgi sistemlerinin s\u00fcre\u00e7 analizlerinin yap\u0131lmas\u0131 ve gerekli kontrol faaliyetlerinin tasarlanmas\u0131)<\/li>\n<\/ul>\n<p>[\/vc_column_text][vc_empty_space][\/vc_column][\/vc_row]<\/p>\n","protected":false},"excerpt":{"rendered":"<p>[vc_row][vc_column width=&#8221;1\/1&#8243;][vc_empty_space height=&#8221;15&#8243;][vc_column_text]GMS Denetim ve Yeminli Mali M\u00fc\u015favirlik A.\u015e.,\u00a0alan\u0131nda uzman kadrosu ile sundu\u011fu denetim,\u00a0vergi ve mali hukuk alan\u0131ndaki tecr\u00fcbe ve [&hellip;]<\/p>\n","protected":false},"author":1,"featured_media":0,"parent":87708,"menu_order":0,"comment_status":"closed","ping_status":"closed","template":"","meta":[],"_links":{"self":[{"href":"https:\/\/yeni.gmsdenetim.com\/tr\/wp-json\/wp\/v2\/pages\/87744"}],"collection":[{"href":"https:\/\/yeni.gmsdenetim.com\/tr\/wp-json\/wp\/v2\/pages"}],"about":[{"href":"https:\/\/yeni.gmsdenetim.com\/tr\/wp-json\/wp\/v2\/types\/page"}],"author":[{"embeddable":true,"href":"https:\/\/yeni.gmsdenetim.com\/tr\/wp-json\/wp\/v2\/users\/1"}],"replies":[{"embeddable":true,"href":"https:\/\/yeni.gmsdenetim.com\/tr\/wp-json\/wp\/v2\/comments?post=87744"}],"version-history":[{"count":5,"href":"https:\/\/yeni.gmsdenetim.com\/tr\/wp-json\/wp\/v2\/pages\/87744\/revisions"}],"predecessor-version":[{"id":87976,"href":"https:\/\/yeni.gmsdenetim.com\/tr\/wp-json\/wp\/v2\/pages\/87744\/revisions\/87976"}],"up":[{"embeddable":true,"href":"https:\/\/yeni.gmsdenetim.com\/tr\/wp-json\/wp\/v2\/pages\/87708"}],"wp:attachment":[{"href":"https:\/\/yeni.gmsdenetim.com\/tr\/wp-json\/wp\/v2\/media?parent=87744"}],"curies":[{"name":"wp","href":"https:\/\/api.w.org\/{rel}","templated":true}]}}