{"id":87714,"date":"2021-04-16T13:42:04","date_gmt":"2021-04-16T10:42:04","guid":{"rendered":"http:\/\/yeni.gmsdenetim.com\/hizmetlerimiz\/denetim-hizmetleri\/"},"modified":"2021-04-21T11:08:14","modified_gmt":"2021-04-21T08:08:14","slug":"denetim-hizmetleri","status":"publish","type":"page","link":"https:\/\/yeni.gmsdenetim.com\/tr\/hizmetlerimiz\/denetim-hizmetleri\/","title":{"rendered":"Denetim Hizmetleri"},"content":{"rendered":"<p>[vc_row][vc_column width=&#8221;1\/1&#8243;][vc_empty_space height=&#8221;15&#8243;][vc_column_text]GMS Denetim ve Yeminli Mali M\u00fc\u015favirlik A.\u015e.,\u00a0alan\u0131nda uzman kadrosu ile sundu\u011fu denetim,\u00a0vergi ve mali hukuk alan\u0131ndaki tecr\u00fcbe ve \u00e7\u00f6z\u00fcm\u00a0\u00f6nerilerini payla\u015farak m\u00fc\u015fterilerine katma de\u011fer sa\u011flar.[\/vc_column_text][vc_empty_space height=&#8221;10&#8243;][vc_custom_heading text=&#8221;Denetim Hizmetleri;&#8221; font_container=&#8221;tag:h2|text_align:left|color:%23ff0d00&#8243; google_fonts=&#8221;font_family:Open%20Sans%3A300%2C300italic%2Cregular%2Citalic%2C600%2C600italic%2C700%2C700italic%2C800%2C800italic|font_style:700%20bold%20regular%3A700%3Anormal&#8221;]Denetim Hizmetleri;[\/vc_custom_heading][vc_column_text]<\/p>\n<ul>\n<li>Kurumsal Raporlama Hizmetleri (M\u00fc\u015fterilerimizin \u00e7e\u015fitli alanlarda ihtiya\u00e7 duyduklar\u0131 konulara ili\u015fkin \u00f6zel ara\u015ft\u0131rma ve analiz yap\u0131lmas\u0131 ve sonu\u00e7lar\u0131 hakk\u0131nda y\u00f6netime rapor sunularak bilgilendirilmesi.)<\/li>\n<li>UFRS Raporlama Hizmetleri (M\u00fc\u015fterilerimizin finansal tablo ve dipnotlar\u0131n\u0131n Uluslararas\u0131 Finansal Raporlama Standartlar\u0131na uygunlu\u011fu hakk\u0131nda g\u00f6r\u00fc\u015f verilmesi.)<\/li>\n<li>Genel Kurul Dan\u0131\u015fmanl\u0131k Hizmetleri (T\u00fcrk Ticaret Kanunu h\u00fck\u00fcmlerine uygunlu\u011funun sa\u011flanmas\u0131.)<\/li>\n<\/ul>\n<p>[\/vc_column_text][vc_empty_space][\/vc_column][\/vc_row]<\/p>\n","protected":false},"excerpt":{"rendered":"<p>[vc_row][vc_column width=&#8221;1\/1&#8243;][vc_empty_space height=&#8221;15&#8243;][vc_column_text]GMS Denetim ve Yeminli Mali M\u00fc\u015favirlik A.\u015e.,\u00a0alan\u0131nda uzman kadrosu ile sundu\u011fu denetim,\u00a0vergi ve mali hukuk alan\u0131ndaki tecr\u00fcbe ve [&hellip;]<\/p>\n","protected":false},"author":1,"featured_media":0,"parent":87708,"menu_order":0,"comment_status":"closed","ping_status":"closed","template":"","meta":[],"_links":{"self":[{"href":"https:\/\/yeni.gmsdenetim.com\/tr\/wp-json\/wp\/v2\/pages\/87714"}],"collection":[{"href":"https:\/\/yeni.gmsdenetim.com\/tr\/wp-json\/wp\/v2\/pages"}],"about":[{"href":"https:\/\/yeni.gmsdenetim.com\/tr\/wp-json\/wp\/v2\/types\/page"}],"author":[{"embeddable":true,"href":"https:\/\/yeni.gmsdenetim.com\/tr\/wp-json\/wp\/v2\/users\/1"}],"replies":[{"embeddable":true,"href":"https:\/\/yeni.gmsdenetim.com\/tr\/wp-json\/wp\/v2\/comments?post=87714"}],"version-history":[{"count":6,"href":"https:\/\/yeni.gmsdenetim.com\/tr\/wp-json\/wp\/v2\/pages\/87714\/revisions"}],"predecessor-version":[{"id":87975,"href":"https:\/\/yeni.gmsdenetim.com\/tr\/wp-json\/wp\/v2\/pages\/87714\/revisions\/87975"}],"up":[{"embeddable":true,"href":"https:\/\/yeni.gmsdenetim.com\/tr\/wp-json\/wp\/v2\/pages\/87708"}],"wp:attachment":[{"href":"https:\/\/yeni.gmsdenetim.com\/tr\/wp-json\/wp\/v2\/media?parent=87714"}],"curies":[{"name":"wp","href":"https:\/\/api.w.org\/{rel}","templated":true}]}}