{"id":87708,"date":"2021-04-16T13:30:07","date_gmt":"2021-04-16T10:30:07","guid":{"rendered":"http:\/\/yeni.gmsdenetim.com\/hizmetlerimiz\/"},"modified":"2021-04-21T12:26:15","modified_gmt":"2021-04-21T09:26:15","slug":"hizmetlerimiz","status":"publish","type":"page","link":"https:\/\/yeni.gmsdenetim.com\/tr\/hizmetlerimiz\/","title":{"rendered":"Hizmetlerimiz"},"content":{"rendered":"<p>[vc_row][vc_column][vc_empty_space][\/vc_column][\/vc_row][vc_row][vc_column width=&#8221;1\/2&#8243;][vc_single_image media=&#8221;87632&#8243; media_width_percent=&#8221;100&#8243; alignment=&#8221;center&#8221; image=&#8221;9596&#8243; img_size=&#8221;full&#8221; style=&#8221;vc_box_rounded&#8221; onclick=&#8221;custom_link&#8221; link=&#8221;http:\/\/www.gmsdenetim.com\/en\/homepage\/our-services\/chartered-accountant\/&#8221; media_link=&#8221;url:http%3A%2F%2Fyeni.gmsdenetim.com%2Ftr%2Fhizmetlerimiz%2Fyeminli-mali-musavirlik-hizmetleri%2F|title:Yeminli%20Mali%20M%C3%BC%C5%9Favirlik%20Hizmetleri&#8221;][vc_button button_color=&#8221;accent&#8221; radius=&#8221;btn-circle&#8221; wide=&#8221;yes&#8221; hover_fx=&#8221;full-colored&#8221; border_width=&#8221;0&#8243; link=&#8221;url:http%3A%2F%2Fyeni.gmsdenetim.com%2Ftr%2Fhizmetlerimiz%2Fyeminli-mali-musavirlik-hizmetleri%2F&#8221;]Yeminli Mali M\u00fc\u015favirlik Hizmetleri[\/vc_button][\/vc_column][vc_column width=&#8221;1\/2&#8243;][vc_single_image media=&#8221;87623&#8243; media_width_percent=&#8221;100&#8243; alignment=&#8221;center&#8221; image=&#8221;9592&#8243; img_size=&#8221;full&#8221; style=&#8221;vc_box_rounded&#8221; onclick=&#8221;custom_link&#8221; link=&#8221;http:\/\/www.gmsdenetim.com\/en\/homepage\/our-services\/consulting-services\/&#8221; media_link=&#8221;url:http%3A%2F%2Fyeni.gmsdenetim.com%2Ftr%2Fhizmetlerimiz%2Fdanismanlik-hizmetleri%2F|title:Dan%C4%B1%C5%9Fmanl%C4%B1k%20Hizmetleri&#8221;][vc_button button_color=&#8221;accent&#8221; radius=&#8221;btn-circle&#8221; wide=&#8221;yes&#8221; hover_fx=&#8221;full-colored&#8221; border_width=&#8221;0&#8243; link=&#8221;url:http%3A%2F%2Fyeni.gmsdenetim.com%2Ftr%2Fhizmetlerimiz%2Fdanismanlik-hizmetleri%2F|title:Dan%C4%B1%C5%9Fmanl%C4%B1k%20Hizmetleri&#8221;]Dan\u0131\u015fmanl\u0131k Hizmetleri[\/vc_button][\/vc_column][\/vc_row][vc_row][vc_column width=&#8221;1\/2&#8243;][vc_single_image media=&#8221;87626&#8243; media_width_percent=&#8221;100&#8243; alignment=&#8221;center&#8221; image=&#8221;9593&#8243; img_size=&#8221;full&#8221; style=&#8221;vc_box_rounded&#8221; onclick=&#8221;custom_link&#8221; link=&#8221;http:\/\/www.gmsdenetim.com\/en\/homepage\/our-services\/audit-services\/&#8221; media_link=&#8221;url:http%3A%2F%2Fyeni.gmsdenetim.com%2Ftr%2Fhizmetlerimiz%2Fdenetim-hizmetleri%2F|title:Denetim%20Hizmetleri&#8221;][vc_button button_color=&#8221;accent&#8221; radius=&#8221;btn-circle&#8221; wide=&#8221;yes&#8221; hover_fx=&#8221;full-colored&#8221; border_width=&#8221;0&#8243; link=&#8221;url:http%3A%2F%2Fyeni.gmsdenetim.com%2Ftr%2Fhizmetlerimiz%2Fdenetim-hizmetleri%2F|title:Denetim%20Hizmetleri&#8221;]Denetim Hizmetleri[\/vc_button][\/vc_column][vc_column width=&#8221;1\/2&#8243;][vc_single_image media=&#8221;87629&#8243; media_width_percent=&#8221;100&#8243; alignment=&#8221;center&#8221; image=&#8221;9319&#8243; img_size=&#8221;full&#8221; style=&#8221;vc_box_rounded&#8221; onclick=&#8221;custom_link&#8221; link=&#8221;http:\/\/www.gmsdenetim.com\/en\/homepage\/our-services\/education-services\/&#8221; media_link=&#8221;url:http%3A%2F%2Fyeni.gmsdenetim.com%2Ftr%2Fhizmetlerimiz%2Fegitim-hizmetleri%2F|title:E%C4%9Fitim%20Hizmetleri&#8221;][vc_button button_color=&#8221;accent&#8221; radius=&#8221;btn-circle&#8221; wide=&#8221;yes&#8221; hover_fx=&#8221;full-colored&#8221; border_width=&#8221;0&#8243; link=&#8221;url:http%3A%2F%2Fyeni.gmsdenetim.com%2Ftr%2Fhizmetlerimiz%2Fegitim-hizmetleri%2F|title:Denetim%20Hizmetleri&#8221;]E\u011fitim Hizmetleri[\/vc_button][\/vc_column][\/vc_row][vc_row][vc_column][vc_empty_space][\/vc_column][\/vc_row]<\/p>\n","protected":false},"excerpt":{"rendered":"<p>[vc_row][vc_column][vc_empty_space][\/vc_column][\/vc_row][vc_row][vc_column width=&#8221;1\/2&#8243;][vc_single_image media=&#8221;87632&#8243; media_width_percent=&#8221;100&#8243; alignment=&#8221;center&#8221; image=&#8221;9596&#8243; img_size=&#8221;full&#8221; style=&#8221;vc_box_rounded&#8221; onclick=&#8221;custom_link&#8221; link=&#8221;http:\/\/www.gmsdenetim.com\/en\/homepage\/our-services\/chartered-accountant\/&#8221; media_link=&#8221;url:http%3A%2F%2Fyeni.gmsdenetim.com%2Ftr%2Fhizmetlerimiz%2Fyeminli-mali-musavirlik-hizmetleri%2F|title:Yeminli%20Mali%20M%C3%BC%C5%9Favirlik%20Hizmetleri&#8221;][vc_button button_color=&#8221;accent&#8221; radius=&#8221;btn-circle&#8221; wide=&#8221;yes&#8221; hover_fx=&#8221;full-colored&#8221; border_width=&#8221;0&#8243; link=&#8221;url:http%3A%2F%2Fyeni.gmsdenetim.com%2Ftr%2Fhizmetlerimiz%2Fyeminli-mali-musavirlik-hizmetleri%2F&#8221;]Yeminli Mali M\u00fc\u015favirlik Hizmetleri[\/vc_button][\/vc_column][vc_column [&hellip;]<\/p>\n","protected":false},"author":1,"featured_media":0,"parent":0,"menu_order":51,"comment_status":"closed","ping_status":"closed","template":"","meta":[],"_links":{"self":[{"href":"https:\/\/yeni.gmsdenetim.com\/tr\/wp-json\/wp\/v2\/pages\/87708"}],"collection":[{"href":"https:\/\/yeni.gmsdenetim.com\/tr\/wp-json\/wp\/v2\/pages"}],"about":[{"href":"https:\/\/yeni.gmsdenetim.com\/tr\/wp-json\/wp\/v2\/types\/page"}],"author":[{"embeddable":true,"href":"https:\/\/yeni.gmsdenetim.com\/tr\/wp-json\/wp\/v2\/users\/1"}],"replies":[{"embeddable":true,"href":"https:\/\/yeni.gmsdenetim.com\/tr\/wp-json\/wp\/v2\/comments?post=87708"}],"version-history":[{"count":20,"href":"https:\/\/yeni.gmsdenetim.com\/tr\/wp-json\/wp\/v2\/pages\/87708\/revisions"}],"predecessor-version":[{"id":88037,"href":"https:\/\/yeni.gmsdenetim.com\/tr\/wp-json\/wp\/v2\/pages\/87708\/revisions\/88037"}],"wp:attachment":[{"href":"https:\/\/yeni.gmsdenetim.com\/tr\/wp-json\/wp\/v2\/media?parent=87708"}],"curies":[{"name":"wp","href":"https:\/\/api.w.org\/{rel}","templated":true}]}}