{"id":87702,"date":"2021-04-16T13:23:02","date_gmt":"2021-04-16T10:23:02","guid":{"rendered":"http:\/\/yeni.gmsdenetim.com\/hakkimizda\/"},"modified":"2021-04-21T12:29:35","modified_gmt":"2021-04-21T09:29:35","slug":"hakkimizda","status":"publish","type":"page","link":"https:\/\/yeni.gmsdenetim.com\/tr\/hakkimizda\/","title":{"rendered":"Hakk\u0131m\u0131zda"},"content":{"rendered":"<p>[vc_row][vc_column][vc_custom_heading text=&#8221;Hakk\u0131m\u0131zda&#8221; font_container=&#8221;tag:h2|text_align:left|color:%23ff0d00&#8243; google_fonts=&#8221;font_family:Open%20Sans%3A300%2C300italic%2Cregular%2Citalic%2C600%2C600italic%2C700%2C700italic%2C800%2C800italic|font_style:700%20bold%20regular%3A700%3Anormal&#8221;]Hakk\u0131m\u0131zda[\/vc_custom_heading][\/vc_column][\/vc_row][vc_row][vc_column][vc_column_text]<strong>GMS Denetim ve Yeminli Mali M\u00fc\u015favirlik A.\u015e.<\/strong> alan\u0131nda uzmanla\u015fm\u0131\u015f kadrosunun bilgi birikimi ve tecr\u00fcbesi ile bir\u00e7ok farkl\u0131 sekt\u00f6rde faaliyet g\u00f6steren m\u00fc\u015fterilerine, <strong>3568 say\u0131l\u0131 Kanun kapsam\u0131nda Yeminli Mali M\u00fc\u015favirlik tasdik hizmetleri ile birlikte denetim, vergi dan\u0131\u015fmanl\u0131\u011f\u0131, vergi risk y\u00f6netimi ve mali hukuk<\/strong> alanlar\u0131nda profesyonel hizmet sunmaktad\u0131r.<\/p>\n<p>GMS Denetim ve Yeminli Mali M\u00fc\u015favirlik A.\u015e., m\u00fc\u015fterilerimizin vergisel i\u015flem ve muhasebe sistemlerinde yer alan s\u00fcre\u00e7lerinde bulunan risklerin tespiti ve bu risklerin y\u00f6netilerek i\u015flemlerinin vergi mevzuat\u0131na uygunlu\u011funun ve yeni yasal d\u00fczenlemelere uyumunun sa\u011flanmas\u0131 ile m\u00fc\u015fterilerimizin kar\u015f\u0131la\u015ft\u0131\u011f\u0131 vergisel sorunlara \u00e7\u00f6z\u00fcm \u00f6nerileri getirerek gerekli \u00f6nlemleri ald\u0131rmay\u0131 ve ihtiya\u00e7lar\u0131n\u0131 en ideal \u015fekilde kar\u015f\u0131lamay\u0131 kurumsal ilke edinmi\u015ftir.[\/vc_column_text][vc_empty_space][\/vc_column][\/vc_row]<\/p>\n","protected":false},"excerpt":{"rendered":"<p>[vc_row][vc_column][vc_custom_heading text=&#8221;Hakk\u0131m\u0131zda&#8221; font_container=&#8221;tag:h2|text_align:left|color:%23ff0d00&#8243; google_fonts=&#8221;font_family:Open%20Sans%3A300%2C300italic%2Cregular%2Citalic%2C600%2C600italic%2C700%2C700italic%2C800%2C800italic|font_style:700%20bold%20regular%3A700%3Anormal&#8221;]Hakk\u0131m\u0131zda[\/vc_custom_heading][\/vc_column][\/vc_row][vc_row][vc_column][vc_column_text]GMS Denetim ve Yeminli Mali M\u00fc\u015favirlik A.\u015e. alan\u0131nda uzmanla\u015fm\u0131\u015f kadrosunun bilgi birikimi ve tecr\u00fcbesi ile bir\u00e7ok farkl\u0131 [&hellip;]<\/p>\n","protected":false},"author":1,"featured_media":0,"parent":0,"menu_order":50,"comment_status":"closed","ping_status":"closed","template":"","meta":[],"_links":{"self":[{"href":"https:\/\/yeni.gmsdenetim.com\/tr\/wp-json\/wp\/v2\/pages\/87702"}],"collection":[{"href":"https:\/\/yeni.gmsdenetim.com\/tr\/wp-json\/wp\/v2\/pages"}],"about":[{"href":"https:\/\/yeni.gmsdenetim.com\/tr\/wp-json\/wp\/v2\/types\/page"}],"author":[{"embeddable":true,"href":"https:\/\/yeni.gmsdenetim.com\/tr\/wp-json\/wp\/v2\/users\/1"}],"replies":[{"embeddable":true,"href":"https:\/\/yeni.gmsdenetim.com\/tr\/wp-json\/wp\/v2\/comments?post=87702"}],"version-history":[{"count":7,"href":"https:\/\/yeni.gmsdenetim.com\/tr\/wp-json\/wp\/v2\/pages\/87702\/revisions"}],"predecessor-version":[{"id":87918,"href":"https:\/\/yeni.gmsdenetim.com\/tr\/wp-json\/wp\/v2\/pages\/87702\/revisions\/87918"}],"wp:attachment":[{"href":"https:\/\/yeni.gmsdenetim.com\/tr\/wp-json\/wp\/v2\/media?parent=87702"}],"curies":[{"name":"wp","href":"https:\/\/api.w.org\/{rel}","templated":true}]}}