{"id":87755,"date":"2021-04-16T15:07:35","date_gmt":"2021-04-16T12:07:35","guid":{"rendered":"http:\/\/yeni.gmsdenetim.com\/unsere-dienstleistungen\/weiterbildung-dienste\/"},"modified":"2021-04-21T11:41:02","modified_gmt":"2021-04-21T08:41:02","slug":"weiterbildung-dienste","status":"publish","type":"page","link":"https:\/\/yeni.gmsdenetim.com\/de\/unsere-dienstleistungen\/weiterbildung-dienste\/","title":{"rendered":"Weiterbildung Dienste"},"content":{"rendered":"<p>[vc_row][vc_column width=&#8220;1\/1&#8243;][vc_empty_space height=&#8220;15&#8243;][vc_column_text]GMS Audit, vertreten durch Experten, bietet Probleml\u00f6sungen in den Bereichen Steuern und Steuerrecht und damit einen echten Mehrwert f\u00fcr den Kunden.[\/vc_column_text][vc_empty_space height=&#8220;10&#8243;][vc_custom_heading text=&#8220;Weiterbildung Dienste;&#8220; font_container=&#8220;tag:h2|text_align:left|color:%23ff0d00&#8243; google_fonts=&#8220;font_family:Open%20Sans%3A300%2C300italic%2Cregular%2Citalic%2C600%2C600italic%2C700%2C700italic%2C800%2C800italic|font_style:700%20bold%20regular%3A700%3Anormal&#8220;]Weiterbildung Dienste;[\/vc_custom_heading][vc_column_text]Ausbildung von Personal im Bereich Accounting und Gesch\u00e4ftsreport. Vermittlung von Wissen vor dem Hintergrund sich \u00e4ndernder Gesetze und immer neu entstehender Gesch\u00e4ftspraktiken. Dabei interaktives Training, um unsere Kunden umfassend zu informieren und gesetzlichen Verpflichtungen zu entsprechen.[\/vc_column_text][vc_empty_space][\/vc_column][\/vc_row]<\/p>\n","protected":false},"excerpt":{"rendered":"<p>[vc_row][vc_column width=&#8220;1\/1&#8243;][vc_empty_space height=&#8220;15&#8243;][vc_column_text]GMS Audit, vertreten durch Experten, bietet Probleml\u00f6sungen in den Bereichen Steuern und Steuerrecht und damit einen echten Mehrwert [&hellip;]<\/p>\n","protected":false},"author":1,"featured_media":0,"parent":87711,"menu_order":0,"comment_status":"closed","ping_status":"closed","template":"","meta":[],"_links":{"self":[{"href":"https:\/\/yeni.gmsdenetim.com\/de\/wp-json\/wp\/v2\/pages\/87755"}],"collection":[{"href":"https:\/\/yeni.gmsdenetim.com\/de\/wp-json\/wp\/v2\/pages"}],"about":[{"href":"https:\/\/yeni.gmsdenetim.com\/de\/wp-json\/wp\/v2\/types\/page"}],"author":[{"embeddable":true,"href":"https:\/\/yeni.gmsdenetim.com\/de\/wp-json\/wp\/v2\/users\/1"}],"replies":[{"embeddable":true,"href":"https:\/\/yeni.gmsdenetim.com\/de\/wp-json\/wp\/v2\/comments?post=87755"}],"version-history":[{"count":4,"href":"https:\/\/yeni.gmsdenetim.com\/de\/wp-json\/wp\/v2\/pages\/87755\/revisions"}],"predecessor-version":[{"id":88004,"href":"https:\/\/yeni.gmsdenetim.com\/de\/wp-json\/wp\/v2\/pages\/87755\/revisions\/88004"}],"up":[{"embeddable":true,"href":"https:\/\/yeni.gmsdenetim.com\/de\/wp-json\/wp\/v2\/pages\/87711"}],"wp:attachment":[{"href":"https:\/\/yeni.gmsdenetim.com\/de\/wp-json\/wp\/v2\/media?parent=87755"}],"curies":[{"name":"wp","href":"https:\/\/api.w.org\/{rel}","templated":true}]}}