{"id":87747,"date":"2021-04-16T14:56:26","date_gmt":"2021-04-16T11:56:26","guid":{"rendered":"http:\/\/yeni.gmsdenetim.com\/unsere-dienstleistungen\/beratungsdienstleistungen-dienste\/"},"modified":"2021-04-21T11:40:49","modified_gmt":"2021-04-21T08:40:49","slug":"beratungsdienstleistungen-dienste","status":"publish","type":"page","link":"https:\/\/yeni.gmsdenetim.com\/de\/unsere-dienstleistungen\/beratungsdienstleistungen-dienste\/","title":{"rendered":"Beratungsdienstleistungen Dienste"},"content":{"rendered":"<p>[vc_row][vc_column width=&#8220;1\/1&#8243;][vc_empty_space height=&#8220;15&#8243;][vc_column_text]GMS Audit, vertreten durch Experten, bietet Probleml\u00f6sungen in den Bereichen Steuern und Steuerrecht und damit einen echten Mehrwert f\u00fcr den Kunden.[\/vc_column_text][vc_empty_space height=&#8220;10&#8243;][vc_custom_heading text=&#8220;Beratungsdienstleistungen Dienste;&#8220; font_container=&#8220;tag:h2|text_align:left|color:%23ff0d00&#8243; google_fonts=&#8220;font_family:Open%20Sans%3A300%2C300italic%2Cregular%2Citalic%2C600%2C600italic%2C700%2C700italic%2C800%2C800italic|font_style:700%20bold%20regular%3A700%3Anormal&#8220;]Beratungsdienstleistungen Dienste;[\/vc_custom_heading][vc_column_text]<\/p>\n<ul>\n<li>\u00dcberwachung und Beratungsdienste im Rahmen der Steuerpr\u00fcfung. Repr\u00e4sentation unserer Klienten vor der staatlichen Steuerpr\u00fcfung<\/li>\n<li>Vor-und Nachbereitung von Konzernabstimmungen<\/li>\n<li>Unterst\u00fctzung bei steuerlichen Rechtsstreitigkeiten unserer Kunden.(Vorbereitungen von Klagen, Teilnahme an Rechtsprozessen).<\/li>\n<li>Dienste f\u00fcr die Steuerplanung (Steuermanagement, finanzielle Entscheidungen, Analyse von Vorteilen und Risiken)<\/li>\n<li>Individuelle Steuerberatungsdienste<\/li>\n<li>Abrechnung und Unterst\u00fctzung des Finanzmanagements (Prozessanalyse der Abrechnung und Kontrollm\u00f6glichkeit \u00fcber unser Informationssystem)<\/li>\n<\/ul>\n<p>[\/vc_column_text][vc_empty_space][\/vc_column][\/vc_row]<\/p>\n","protected":false},"excerpt":{"rendered":"<p>[vc_row][vc_column width=&#8220;1\/1&#8243;][vc_empty_space height=&#8220;15&#8243;][vc_column_text]GMS Audit, vertreten durch Experten, bietet Probleml\u00f6sungen in den Bereichen Steuern und Steuerrecht und damit einen echten Mehrwert [&hellip;]<\/p>\n","protected":false},"author":1,"featured_media":0,"parent":87711,"menu_order":0,"comment_status":"closed","ping_status":"closed","template":"","meta":[],"_links":{"self":[{"href":"https:\/\/yeni.gmsdenetim.com\/de\/wp-json\/wp\/v2\/pages\/87747"}],"collection":[{"href":"https:\/\/yeni.gmsdenetim.com\/de\/wp-json\/wp\/v2\/pages"}],"about":[{"href":"https:\/\/yeni.gmsdenetim.com\/de\/wp-json\/wp\/v2\/types\/page"}],"author":[{"embeddable":true,"href":"https:\/\/yeni.gmsdenetim.com\/de\/wp-json\/wp\/v2\/users\/1"}],"replies":[{"embeddable":true,"href":"https:\/\/yeni.gmsdenetim.com\/de\/wp-json\/wp\/v2\/comments?post=87747"}],"version-history":[{"count":3,"href":"https:\/\/yeni.gmsdenetim.com\/de\/wp-json\/wp\/v2\/pages\/87747\/revisions"}],"predecessor-version":[{"id":87991,"href":"https:\/\/yeni.gmsdenetim.com\/de\/wp-json\/wp\/v2\/pages\/87747\/revisions\/87991"}],"up":[{"embeddable":true,"href":"https:\/\/yeni.gmsdenetim.com\/de\/wp-json\/wp\/v2\/pages\/87711"}],"wp:attachment":[{"href":"https:\/\/yeni.gmsdenetim.com\/de\/wp-json\/wp\/v2\/media?parent=87747"}],"curies":[{"name":"wp","href":"https:\/\/api.w.org\/{rel}","templated":true}]}}