{"id":87705,"date":"2021-04-16T13:25:39","date_gmt":"2021-04-16T10:25:39","guid":{"rendered":"http:\/\/yeni.gmsdenetim.com\/ueber-uns\/"},"modified":"2021-04-21T12:29:56","modified_gmt":"2021-04-21T09:29:56","slug":"ueber-uns","status":"publish","type":"page","link":"https:\/\/yeni.gmsdenetim.com\/de\/ueber-uns\/","title":{"rendered":"\u00dcber Uns"},"content":{"rendered":"<p>[vc_row][vc_column][vc_custom_heading text=&#8220;\u00dcber Uns&#8220; font_container=&#8220;tag:h2|text_align:left|color:%23ff0d00&#8243; google_fonts=&#8220;font_family:Open%20Sans%3A300%2C300italic%2Cregular%2Citalic%2C600%2C600italic%2C700%2C700italic%2C800%2C800italic|font_style:700%20bold%20regular%3A700%3Anormal&#8220;]\u00dcber Uns[\/vc_custom_heading][\/vc_column][\/vc_row][vc_row][vc_column][vc_column_text]GMS Denetim ve Yeminli Mali M\u00fc\u015favirlik A.\u015e bietet seinen Kunden einen Stab aus Stab aus Spezialisten mit Wissen und viel Erfahrung. Wir operieren dabei mit Kunden unterschiedlicher Sektoren unter Ber\u00fccksichtigung der CPA-Zertifizierung im Rahmen des Gesetzes 3568 Rechnungspr\u00fcfung (Audit) und offerieren Steuerberatung, Steruerrisikomanagement und Beratung zum Steuerrecht im Rahmen eines professionellen Betriebes.<\/p>\n<p>GMS ist auf Risikobewertung im Prozess des Steuerverfahrens und der Einhaltung des Rechnungslegungssystems im Rahmen der Steuergesetzgebung ausgerichtet. GMS orientiert sich an den steuerlichen Problemen seiner Kunden und\u00a0\u00a0 bietet bedarfsgerechte L\u00f6sungen an, um den Erfordernissen seiner Kunden m\u00f6glichst optimal zu entsprechen.[\/vc_column_text][vc_empty_space][\/vc_column][\/vc_row]<\/p>\n","protected":false},"excerpt":{"rendered":"<p>[vc_row][vc_column][vc_custom_heading text=&#8220;\u00dcber Uns&#8220; font_container=&#8220;tag:h2|text_align:left|color:%23ff0d00&#8243; google_fonts=&#8220;font_family:Open%20Sans%3A300%2C300italic%2Cregular%2Citalic%2C600%2C600italic%2C700%2C700italic%2C800%2C800italic|font_style:700%20bold%20regular%3A700%3Anormal&#8220;]\u00dcber Uns[\/vc_custom_heading][\/vc_column][\/vc_row][vc_row][vc_column][vc_column_text]GMS Denetim ve Yeminli Mali M\u00fc\u015favirlik A.\u015e bietet seinen Kunden einen Stab aus Stab aus [&hellip;]<\/p>\n","protected":false},"author":1,"featured_media":0,"parent":0,"menu_order":50,"comment_status":"closed","ping_status":"closed","template":"","meta":[],"_links":{"self":[{"href":"https:\/\/yeni.gmsdenetim.com\/de\/wp-json\/wp\/v2\/pages\/87705"}],"collection":[{"href":"https:\/\/yeni.gmsdenetim.com\/de\/wp-json\/wp\/v2\/pages"}],"about":[{"href":"https:\/\/yeni.gmsdenetim.com\/de\/wp-json\/wp\/v2\/types\/page"}],"author":[{"embeddable":true,"href":"https:\/\/yeni.gmsdenetim.com\/de\/wp-json\/wp\/v2\/users\/1"}],"replies":[{"embeddable":true,"href":"https:\/\/yeni.gmsdenetim.com\/de\/wp-json\/wp\/v2\/comments?post=87705"}],"version-history":[{"count":4,"href":"https:\/\/yeni.gmsdenetim.com\/de\/wp-json\/wp\/v2\/pages\/87705\/revisions"}],"predecessor-version":[{"id":87983,"href":"https:\/\/yeni.gmsdenetim.com\/de\/wp-json\/wp\/v2\/pages\/87705\/revisions\/87983"}],"wp:attachment":[{"href":"https:\/\/yeni.gmsdenetim.com\/de\/wp-json\/wp\/v2\/media?parent=87705"}],"curies":[{"name":"wp","href":"https:\/\/api.w.org\/{rel}","templated":true}]}}