{"id":87693,"date":"2021-04-16T13:14:23","date_gmt":"2021-04-16T10:14:23","guid":{"rendered":"http:\/\/yeni.gmsdenetim.com\/kontakt\/"},"modified":"2021-04-21T12:24:05","modified_gmt":"2021-04-21T09:24:05","slug":"kontakt","status":"publish","type":"page","link":"https:\/\/yeni.gmsdenetim.com\/de\/kontakt\/","title":{"rendered":"Kontakt"},"content":{"rendered":"<p>[vc_row][vc_column][vc_empty_space][vc_raw_html]PGlmcmFtZSBzdHlsZT0iYm9yZGVyOiAwOyIgc3JjPSJodHRwczovL3d3dy5nb29nbGUuY29tL21hcHMvZW1iZWQ\/cGI9ITFtMTghMW0xMiExbTMhMWQzMDEyLjg0NzczNDUzMTI4MyEyZDI5LjA3ODMwMjQxNDQyNTk5ITNkNDAuOTYyOTE0Mzc5MzA1MzQ2ITJtMyExZjAhMmYwITNmMCEzbTIhMWkxMDI0ITJpNzY4ITRmMTMuMSEzbTMhMW0yITFzMHgxNGNhYzcwZjVmYzJkODc1JTNBMHhjMDc4OTExZmFiZGNkMmZiITJzR01TJTIwRGVuZXRpbSUyMHZlJTIwWU1NJTIwQS4lQzUlOUUuITVlMCEzbTIhMXN0ciEyc3RyITR2MTYxODE3NjMyMzQ2OCE1bTIhMXN0ciEyc3RyIiB3aWR0aD0iMTAwJSIgaGVpZ2h0PSIzMDAiIGFsbG93ZnVsbHNjcmVlbj0iYWxsb3dmdWxsc2NyZWVuIj48L2lmcmFtZT4=[\/vc_raw_html][\/vc_column][\/vc_row][vc_row][vc_column][vc_custom_heading text=&#8220;GMS Denetim ve Yeminli Mali M\u00fc\u015favirlik A.\u015e&#8220; font_container=&#8220;tag:h2|text_align:left|color:%23dd0000&#8243; google_fonts=&#8220;font_family:Open%20Sans%3A300%2C300italic%2Cregular%2Citalic%2C600%2C600italic%2C700%2C700italic%2C800%2C800italic|font_style:700%20bold%20regular%3A700%3Anormal&#8220;]<\/p>\n<h1>GMS Denetim ve Yeminli Mali M\u00fc\u015favirlik A.\u015e.<\/h1>\n<p>[\/vc_custom_heading][vc_separator color=&#8220;custom&#8220; accent_color=&#8220;#000000&#8243;][vc_empty_space][vc_row_inner][vc_column_inner width=&#8220;1\/2&#8243;][vc_raw_html]PHVsIGNsYXNzPSJmYS11bCI+DQogCTxsaT48aSBjbGFzcz0iZmEtbGkgZmEgZmEtaG9tZSI+PC9pPlN1YWRpeWUgTWFoLiBTdWFkaXllIENhbWkgU29rLiBObzoyMyBEOjMgMzQ3NDAgS2FkxLFrw7Z5LcSwc3RhbmJ1bDwvbGk+DQogCTxsaT48aSBjbGFzcz0iZmEtbGkgZmEgZmEtcGhvbmUiPjwvaT4wMjE2IDM2MSA0OSA4NjwvbGk+DQogCTxsaT48aSBjbGFzcz0iZmEtbGkgZmEgZmEtZmF4Ij48L2k+MDIxNiAzNjEgNDkgODc8L2xpPg0KIAk8bGk+PGkgY2xhc3M9ImZhLWxpIGZhIGZhLWVudmVsb3BlIj48L2k+PGEgaHJlZj0ibWFpbHRvOmluZm9AZ21zZGVuZXRpbS5jb20iPmluZm9AZ21zZGVuZXRpbS5jb208L2E+PC9saT4NCjwvdWw+[\/vc_raw_html][\/vc_column_inner][vc_column_inner width=&#8220;1\/2&#8243;][vc_column_text]<strong>Erenk\u00f6y\u00a0V. D:<\/strong> 396 069 5573<br \/>\n<strong>Tic. Sic. No:<\/strong> 957243<br \/>\n<strong>Mersis No:<\/strong> 0396069557300014[\/vc_column_text][\/vc_column_inner][\/vc_row_inner][vc_empty_space][\/vc_column][\/vc_row]<\/p>\n","protected":false},"excerpt":{"rendered":"<p>[vc_row][vc_column][vc_empty_space][vc_raw_html]PGlmcmFtZSBzdHlsZT0iYm9yZGVyOiAwOyIgc3JjPSJodHRwczovL3d3dy5nb29nbGUuY29tL21hcHMvZW1iZWQ\/cGI9ITFtMTghMW0xMiExbTMhMWQzMDEyLjg0NzczNDUzMTI4MyEyZDI5LjA3ODMwMjQxNDQyNTk5ITNkNDAuOTYyOTE0Mzc5MzA1MzQ2ITJtMyExZjAhMmYwITNmMCEzbTIhMWkxMDI0ITJpNzY4ITRmMTMuMSEzbTMhMW0yITFzMHgxNGNhYzcwZjVmYzJkODc1JTNBMHhjMDc4OTExZmFiZGNkMmZiITJzR01TJTIwRGVuZXRpbSUyMHZlJTIwWU1NJTIwQS4lQzUlOUUuITVlMCEzbTIhMXN0ciEyc3RyITR2MTYxODE3NjMyMzQ2OCE1bTIhMXN0ciEyc3RyIiB3aWR0aD0iMTAwJSIgaGVpZ2h0PSIzMDAiIGFsbG93ZnVsbHNjcmVlbj0iYWxsb3dmdWxsc2NyZWVuIj48L2lmcmFtZT4=[\/vc_raw_html][\/vc_column][\/vc_row][vc_row][vc_column][vc_custom_heading text=&#8220;GMS Denetim ve Yeminli Mali M\u00fc\u015favirlik A.\u015e&#8220; font_container=&#8220;tag:h2|text_align:left|color:%23dd0000&#8243; google_fonts=&#8220;font_family:Open%20Sans%3A300%2C300italic%2Cregular%2Citalic%2C600%2C600italic%2C700%2C700italic%2C800%2C800italic|font_style:700%20bold%20regular%3A700%3Anormal&#8220;] GMS Denetim ve Yeminli Mali M\u00fc\u015favirlik A.\u015e. [\/vc_custom_heading][vc_separator color=&#8220;custom&#8220; accent_color=&#8220;#000000&#8243;][vc_empty_space][vc_row_inner][vc_column_inner [&hellip;]<\/p>\n","protected":false},"author":1,"featured_media":0,"parent":0,"menu_order":52,"comment_status":"closed","ping_status":"closed","template":"","meta":[],"_links":{"self":[{"href":"https:\/\/yeni.gmsdenetim.com\/de\/wp-json\/wp\/v2\/pages\/87693"}],"collection":[{"href":"https:\/\/yeni.gmsdenetim.com\/de\/wp-json\/wp\/v2\/pages"}],"about":[{"href":"https:\/\/yeni.gmsdenetim.com\/de\/wp-json\/wp\/v2\/types\/page"}],"author":[{"embeddable":true,"href":"https:\/\/yeni.gmsdenetim.com\/de\/wp-json\/wp\/v2\/users\/1"}],"replies":[{"embeddable":true,"href":"https:\/\/yeni.gmsdenetim.com\/de\/wp-json\/wp\/v2\/comments?post=87693"}],"version-history":[{"count":10,"href":"https:\/\/yeni.gmsdenetim.com\/de\/wp-json\/wp\/v2\/pages\/87693\/revisions"}],"predecessor-version":[{"id":88032,"href":"https:\/\/yeni.gmsdenetim.com\/de\/wp-json\/wp\/v2\/pages\/87693\/revisions\/88032"}],"wp:attachment":[{"href":"https:\/\/yeni.gmsdenetim.com\/de\/wp-json\/wp\/v2\/media?parent=87693"}],"curies":[{"name":"wp","href":"https:\/\/api.w.org\/{rel}","templated":true}]}}