{"id":87721,"date":"2021-04-16T13:58:01","date_gmt":"2021-04-16T10:58:01","guid":{"rendered":"http:\/\/yeni.gmsdenetim.com\/hizmetlerimiz\/yeminli-mali-musavirlik-hizmetleri\/"},"modified":"2021-04-21T11:25:28","modified_gmt":"2021-04-21T08:25:28","slug":"yeminli-mali-musavirlik-hizmetleri","status":"publish","type":"page","link":"http:\/\/yeni.gmsdenetim.com\/tr\/hizmetlerimiz\/yeminli-mali-musavirlik-hizmetleri\/","title":{"rendered":"Yeminli Mali M\u00fc\u015favirlik Hizmetleri"},"content":{"rendered":"<p>[vc_row][vc_column width=&#8221;1\/1&#8243;][vc_empty_space height=&#8221;15&#8243;][vc_column_text]GMS Denetim ve Yeminli Mali M\u00fc\u015favirlik A.\u015e.,\u00a0alan\u0131nda uzman kadrosu ile sundu\u011fu denetim,\u00a0vergi ve mali hukuk alan\u0131ndaki tecr\u00fcbe ve \u00e7\u00f6z\u00fcm\u00a0\u00f6nerilerini payla\u015farak m\u00fc\u015fterilerine katma de\u011fer sa\u011flar.[\/vc_column_text][vc_empty_space height=&#8221;10&#8243;][vc_custom_heading text=&#8221;Yeminli Mali M\u00fc\u015favirlik Hizmetleri;&#8221; font_container=&#8221;tag:h2|text_align:left|color:%23ff0d00&#8243; google_fonts=&#8221;font_family:Open%20Sans%3A300%2C300italic%2Cregular%2Citalic%2C600%2C600italic%2C700%2C700italic%2C800%2C800italic|font_style:700%20bold%20regular%3A700%3Anormal&#8221;]Yeminli Mali M\u00fc\u015favirlik Hizmetleri;[\/vc_custom_heading][vc_column_text]Tam tasdik yapt\u0131ran i\u015fletmeler Maliye Bakanl\u0131\u011f\u0131 Vergi Denetim elemanlar\u0131nca incelenmi\u015f say\u0131l\u0131r. Dolay\u0131s\u0131yla 3568 say\u0131l\u0131 Kanuna ili\u015fkin 18 seri no.lu Tebli\u011f uyar\u0131nca incelemeye tabi tutulmazlar. Ancak ihbar veya benzeri \u00f6zel bir neden olmas\u0131 durumunda inceleme yap\u0131labilir.<\/p>\n<p>\u015eirketler s\u00fcresinde d\u00fczenlenmi\u015f tam tasdik s\u00f6zle\u015fmesinin olmas\u0131 halinde herhangi bir s\u0131n\u0131r olmaks\u0131z\u0131n, YMM tasdik raporu ile KDV iadesi alabilirler.<\/p>\n<p>Di\u011fer \u015firketlerden gelen kar\u015f\u0131t inceleme talepleri tam tasdik yap\u0131lmas\u0131 halinde YMM\u2019ler taraf\u0131ndan kar\u015f\u0131lanmaktad\u0131r. B\u00f6ylece tam tasdik yapt\u0131ran m\u00fckellefler kar\u015f\u0131t inceleme y\u00fck\u00fcml\u00fcl\u00fc\u011f\u00fcnden kurtulurlar.<\/p>\n<p>Tam tasdik hizmeti Maliye Bakanl\u0131\u011f\u0131 taraf\u0131ndan yap\u0131labilecek bir inceleme esnas\u0131nda ortaya \u00e7\u0131kabilecek hatal\u0131 uygulamalar\u0131 \u00f6nemli \u00f6l\u00e7\u00fcde azalt\u0131r. Ayr\u0131ca, tasdik raporu d\u00fczenlemi\u015f firmalar\u0131n ihbar ve \u00f6zel durumlar hari\u00e7 incelenmeyece\u011fi, tasdik yapt\u0131rmam\u0131\u015f firmalar\u0131n ise \u00f6ncelikli olarak incelenecekleri Maliye Bakanl\u0131\u011f\u0131n taraf\u0131ndan ifade edilmi\u015ftir.<\/p>\n<p><strong>Yeminli Mali M\u00fc\u015favirlik kapsam\u0131nda sunulan hizmetlerimiz;<\/strong><\/p>\n<ul>\n<li>Tam Tasdik Hizmetleri (Y\u0131ll\u0131k Kurumlar veya Gelir vergisi beyannameleri ve eklerinin tasdiki)<\/li>\n<li>Katma De\u011fer Vergisi \u0130ade Hizmetleri<\/li>\n<li>Kurumlar ve Gelir Vergisi \u0130stisna ve Muafiyetlerine \u0130li\u015fkin Tasdik Hizmetleri<\/li>\n<li>Ar-Ge Proje Harcamalar\u0131 De\u011ferlendirme ve Tasdik \u0130\u015flemleri<\/li>\n<li>Sermayenin \u00d6dendi\u011finin Tespiti Hizmetleri<\/li>\n<li>Vak\u0131flara Vergi Muafiyeti Tan\u0131nmas\u0131 ile \u0130lgili Tasdik Hizmetleri<\/li>\n<\/ul>\n<p>[\/vc_column_text][vc_empty_space][\/vc_column][\/vc_row]<\/p>\n","protected":false},"excerpt":{"rendered":"<p>[vc_row][vc_column width=&#8221;1\/1&#8243;][vc_empty_space height=&#8221;15&#8243;][vc_column_text]GMS Denetim ve Yeminli Mali M\u00fc\u015favirlik A.\u015e.,\u00a0alan\u0131nda uzman kadrosu ile sundu\u011fu denetim,\u00a0vergi ve mali hukuk alan\u0131ndaki tecr\u00fcbe ve [&hellip;]<\/p>\n","protected":false},"author":1,"featured_media":0,"parent":87708,"menu_order":0,"comment_status":"closed","ping_status":"closed","template":"","meta":[],"_links":{"self":[{"href":"http:\/\/yeni.gmsdenetim.com\/tr\/wp-json\/wp\/v2\/pages\/87721"}],"collection":[{"href":"http:\/\/yeni.gmsdenetim.com\/tr\/wp-json\/wp\/v2\/pages"}],"about":[{"href":"http:\/\/yeni.gmsdenetim.com\/tr\/wp-json\/wp\/v2\/types\/page"}],"author":[{"embeddable":true,"href":"http:\/\/yeni.gmsdenetim.com\/tr\/wp-json\/wp\/v2\/users\/1"}],"replies":[{"embeddable":true,"href":"http:\/\/yeni.gmsdenetim.com\/tr\/wp-json\/wp\/v2\/comments?post=87721"}],"version-history":[{"count":9,"href":"http:\/\/yeni.gmsdenetim.com\/tr\/wp-json\/wp\/v2\/pages\/87721\/revisions"}],"predecessor-version":[{"id":87974,"href":"http:\/\/yeni.gmsdenetim.com\/tr\/wp-json\/wp\/v2\/pages\/87721\/revisions\/87974"}],"up":[{"embeddable":true,"href":"http:\/\/yeni.gmsdenetim.com\/tr\/wp-json\/wp\/v2\/pages\/87708"}],"wp:attachment":[{"href":"http:\/\/yeni.gmsdenetim.com\/tr\/wp-json\/wp\/v2\/media?parent=87721"}],"curies":[{"name":"wp","href":"https:\/\/api.w.org\/{rel}","templated":true}]}}