{"id":87725,"date":"2021-04-16T14:15:45","date_gmt":"2021-04-16T11:15:45","guid":{"rendered":"http:\/\/yeni.gmsdenetim.com\/unsere-dienstleistungen\/wirtschaftspruefung-dienste\/"},"modified":"2021-04-21T11:39:38","modified_gmt":"2021-04-21T08:39:38","slug":"wirtschaftspruefung-dienste","status":"publish","type":"page","link":"http:\/\/yeni.gmsdenetim.com\/de\/unsere-dienstleistungen\/wirtschaftspruefung-dienste\/","title":{"rendered":"Wirtschaftspr\u00fcfung Dienste"},"content":{"rendered":"<p>[vc_row][vc_column width=&#8220;1\/1&#8243;][vc_empty_space height=&#8220;15&#8243;][vc_column_text]GMS Audit, vertreten durch Experten, bietet Probleml\u00f6sungen in den Bereichen Steuern und Steuerrecht und damit einen echten Mehrwert f\u00fcr den Kunden.[\/vc_column_text][vc_empty_space height=&#8220;10&#8243;][vc_custom_heading text=&#8220;Wirtschaftsprufung Dienste;&#8220; font_container=&#8220;tag:h2|text_align:left|color:%23ff0d00&#8243; google_fonts=&#8220;font_family:Open%20Sans%3A300%2C300italic%2Cregular%2Citalic%2C600%2C600italic%2C700%2C700italic%2C800%2C800italic|font_style:700%20bold%20regular%3A700%3Anormal&#8220;]Wirtschaftsprufung Dienste;[\/vc_custom_heading][vc_column_text]Unsere Stellen sind durch das Finanzministerium anerkannt und zertifiziert. Unter Beachtung des von Gesetz 3568 Nr. 18 arbeiten wir vorbehaltlos unter Beachtung der gesetzlichen Rahmenlegung.\u00a0 Allerdings, bei Denunziation oder gleichartige spezille Grund um Analysieren nicht zu sein.<\/p>\n<p>Begleitungen reguliert nach Vertrag im Falle der Genehmigung ohne Einschr\u00e4nkung, MWS (Mehrwertsteuer) R\u00fcckerstattung kann beschaffen mit CPA Zertifizierungsbericht.<\/p>\n<p>Untersuchung gegens\u00e4tzlicher Forderungen anderer Unternehmen und Wirtschaftspr\u00fcfung und\u00a0 \u00dcbernahme der Untersuchungshaftpflicht.<\/p>\n<p>Inkorrekte Anwendung, die w\u00e4hrend einer Untersuchung durch das Ministerim auftreten kann, kann durch unsere voll zertifizierten Services kompensiert werden. Pr\u00fcfung der Unterlagen und Berichte durch das Unternehmen. Priorit\u00e4t hat die Ratifizierung der Unternehmen durch das Finanzministerium.<\/p>\n<p><strong>Unsere Dienstleistungen;<\/strong><\/p>\n<ul>\n<li>Vollst\u00e4ndige Zertifizierungsdienste (Genehmigung der j\u00e4hrlichen Steuererkl\u00e4rung unter Einhaltung von Fristen)<\/li>\n<li>Mehrwertsteuerr\u00fcckerstattungsdienste<\/li>\n<li>Unternehmens- und Einkommenssteuerausnahmeregelungen und Ausnahmen betreffend Zertifizierungsdiensten<\/li>\n<li>Kosten f\u00fcr Forschungs- und Entwicklungsprojekte und deren Zertifizierungsprozess<\/li>\n<li>Dienste zur Aufdeckung der Eigenkapitalbindung<\/li>\n<li>Erkennung von steuerbeg\u00fcnstigten Feldern in Verbindung mit deren Bewilligung<\/li>\n<\/ul>\n<p>[\/vc_column_text][vc_empty_space][\/vc_column][\/vc_row]<\/p>\n","protected":false},"excerpt":{"rendered":"<p>[vc_row][vc_column width=&#8220;1\/1&#8243;][vc_empty_space height=&#8220;15&#8243;][vc_column_text]GMS Audit, vertreten durch Experten, bietet Probleml\u00f6sungen in den Bereichen Steuern und Steuerrecht und damit einen echten Mehrwert [&hellip;]<\/p>\n","protected":false},"author":1,"featured_media":0,"parent":87711,"menu_order":0,"comment_status":"closed","ping_status":"closed","template":"","meta":[],"_links":{"self":[{"href":"http:\/\/yeni.gmsdenetim.com\/de\/wp-json\/wp\/v2\/pages\/87725"}],"collection":[{"href":"http:\/\/yeni.gmsdenetim.com\/de\/wp-json\/wp\/v2\/pages"}],"about":[{"href":"http:\/\/yeni.gmsdenetim.com\/de\/wp-json\/wp\/v2\/types\/page"}],"author":[{"embeddable":true,"href":"http:\/\/yeni.gmsdenetim.com\/de\/wp-json\/wp\/v2\/users\/1"}],"replies":[{"embeddable":true,"href":"http:\/\/yeni.gmsdenetim.com\/de\/wp-json\/wp\/v2\/comments?post=87725"}],"version-history":[{"count":4,"href":"http:\/\/yeni.gmsdenetim.com\/de\/wp-json\/wp\/v2\/pages\/87725\/revisions"}],"predecessor-version":[{"id":87988,"href":"http:\/\/yeni.gmsdenetim.com\/de\/wp-json\/wp\/v2\/pages\/87725\/revisions\/87988"}],"up":[{"embeddable":true,"href":"http:\/\/yeni.gmsdenetim.com\/de\/wp-json\/wp\/v2\/pages\/87711"}],"wp:attachment":[{"href":"http:\/\/yeni.gmsdenetim.com\/de\/wp-json\/wp\/v2\/media?parent=87725"}],"curies":[{"name":"wp","href":"https:\/\/api.w.org\/{rel}","templated":true}]}}